{"id":10,"date":"2024-02-09T11:27:50","date_gmt":"2024-02-09T11:27:50","guid":{"rendered":"https:\/\/www.kosmeticky.online\/?page_id=10"},"modified":"2025-06-17T19:15:59","modified_gmt":"2025-06-17T19:15:59","slug":"home-page","status":"publish","type":"page","link":"https:\/\/www.kosmeticky.online\/","title":{"rendered":"HOME PAGE"},"content":{"rendered":"<style>\/*! elementor - v3.19.0 - 07-02-2024 *\/\n.elementor-column .elementor-spacer-inner{height:var(--spacer-size)}.e-con{--container-widget-width:100%}.e-con-inner>.elementor-widget-spacer,.e-con>.elementor-widget-spacer{width:var(--container-widget-width,var(--spacer-size));--align-self:var(--container-widget-align-self,initial);--flex-shrink:0}.e-con-inner>.elementor-widget-spacer>.elementor-widget-container,.e-con>.elementor-widget-spacer>.elementor-widget-container{height:100%;width:100%}.e-con-inner>.elementor-widget-spacer>.elementor-widget-container>.elementor-spacer,.e-con>.elementor-widget-spacer>.elementor-widget-container>.elementor-spacer{height:100%}.e-con-inner>.elementor-widget-spacer>.elementor-widget-container>.elementor-spacer>.elementor-spacer-inner,.e-con>.elementor-widget-spacer>.elementor-widget-container>.elementor-spacer>.elementor-spacer-inner{height:var(--container-widget-height,var(--spacer-size))}.e-con-inner>.elementor-widget-spacer.elementor-widget-empty,.e-con>.elementor-widget-spacer.elementor-widget-empty{position:relative;min-height:22px;min-width:22px}.e-con-inner>.elementor-widget-spacer.elementor-widget-empty .elementor-widget-empty-icon,.e-con>.elementor-widget-spacer.elementor-widget-empty .elementor-widget-empty-icon{position:absolute;top:0;bottom:0;left:0;right:0;margin:auto;padding:0;width:22px;height:22px}<\/style>\n<style>\/*! elementor - v3.19.0 - 07-02-2024 *\/\n.elementor-heading-title{padding:0;margin:0;line-height:1}.elementor-widget-heading .elementor-heading-title[class*=elementor-size-]>a{color:inherit;font-size:inherit;line-height:inherit}.elementor-widget-heading .elementor-heading-title.elementor-size-small{font-size:15px}.elementor-widget-heading .elementor-heading-title.elementor-size-medium{font-size:19px}.elementor-widget-heading .elementor-heading-title.elementor-size-large{font-size:29px}.elementor-widget-heading .elementor-heading-title.elementor-size-xl{font-size:39px}.elementor-widget-heading .elementor-heading-title.elementor-size-xxl{font-size:59px}<\/style>\n<h2>WEB se pro v\u00e1s p\u0159ipravuje,<br \/>\nbrzy se budete moct t\u011b\u0161it na jeho zprovozn\u011bn\u00ed&#8230;<\/h2>\n<h2>s pozdravem a v \u00fact\u011b<br \/>Kl\u00e1ra <\/h2>\n<h2>V p\u0159\u00edpad\u011b dotaz\u016f se obracejte na \u0161kolitelku kosmeti\u010dek Kl\u00e1ru Svobodobou Kub\u00e1nkoovu tel.: 773 933 250<br \/>\n<\/h2>\n<style>\/*! elementor - v3.19.0 - 07-02-2024 *\/\n.elementor-widget-image{text-align:center}.elementor-widget-image a{display:inline-block}.elementor-widget-image a img[src$=\".svg\"]{width:48px}.elementor-widget-image img{vertical-align:middle;display:inline-block}<\/style>\n<p>\t\t\t\t\t\t\t\t\t\t<img fetchpriority=\"high\" decoding=\"async\" width=\"300\" height=\"300\" src=\"http:\/\/www.kosmeticky.online\/wp-content\/uploads\/2024\/02\/kosmeticky.online-LOGO-4-300x300.png\" alt=\"\" srcset=\"https:\/\/www.kosmeticky.online\/wp-content\/uploads\/2024\/02\/kosmeticky.online-LOGO-4-300x300.png 300w, https:\/\/www.kosmeticky.online\/wp-content\/uploads\/2024\/02\/kosmeticky.online-LOGO-4-150x150.png 150w, https:\/\/www.kosmeticky.online\/wp-content\/uploads\/2024\/02\/kosmeticky.online-LOGO-4.png 500w\" sizes=\"(max-width: 300px) 100vw, 300px\" \/><\/p>\n","protected":false},"excerpt":{"rendered":"<p>WEB se pro v\u00e1s p\u0159ipravuje, brzy se budete moct t\u011b\u0161it na jeho zprovozn\u011bn\u00ed&#8230; s pozdravem a v \u00fact\u011bKl\u00e1ra V p\u0159\u00edpad\u011b dotaz\u016f se obracejte na \u0161kolitelku kosmeti\u010dek Kl\u00e1ru Svobodobou Kub\u00e1nkoovu tel.: 773 933 250<\/p>\n","protected":false},"author":1,"featured_media":0,"parent":0,"menu_order":0,"comment_status":"closed","ping_status":"closed","template":"elementor_canvas","meta":{"footnotes":""},"class_list":["post-10","page","type-page","status-publish","hentry"],"_links":{"self":[{"href":"https:\/\/www.kosmeticky.online\/index.php?rest_route=\/wp\/v2\/pages\/10","targetHints":{"allow":["GET"]}}],"collection":[{"href":"https:\/\/www.kosmeticky.online\/index.php?rest_route=\/wp\/v2\/pages"}],"about":[{"href":"https:\/\/www.kosmeticky.online\/index.php?rest_route=\/wp\/v2\/types\/page"}],"author":[{"embeddable":true,"href":"https:\/\/www.kosmeticky.online\/index.php?rest_route=\/wp\/v2\/users\/1"}],"replies":[{"embeddable":true,"href":"https:\/\/www.kosmeticky.online\/index.php?rest_route=%2Fwp%2Fv2%2Fcomments&post=10"}],"version-history":[{"count":38,"href":"https:\/\/www.kosmeticky.online\/index.php?rest_route=\/wp\/v2\/pages\/10\/revisions"}],"predecessor-version":[{"id":58,"href":"https:\/\/www.kosmeticky.online\/index.php?rest_route=\/wp\/v2\/pages\/10\/revisions\/58"}],"wp:attachment":[{"href":"https:\/\/www.kosmeticky.online\/index.php?rest_route=%2Fwp%2Fv2%2Fmedia&parent=10"}],"curies":[{"name":"wp","href":"https:\/\/api.w.org\/{rel}","templated":true}]}}